{"id":3394,"date":"2025-05-30T01:00:05","date_gmt":"2025-05-29T23:00:05","guid":{"rendered":"https:\/\/ikarusrecords.ch\/?post_type=product&#038;p=3394"},"modified":"2025-05-25T16:56:36","modified_gmt":"2025-05-25T14:56:36","slug":"morsch-fuck","status":"publish","type":"product","link":"https:\/\/ikarusrecords.ch\/en\/produkt\/morsch-fuck\/","title":{"rendered":"Morsch &#8211; fuck"},"content":{"rendered":"<p class=\"qtranxs-available-languages-message qtranxs-available-languages-message-en\">Sorry, this entry is only available in <a href=\"https:\/\/ikarusrecords.ch\/de\/wp-json\/wp\/v2\/product\/3394\" class=\"qtranxs-available-language-link qtranxs-available-language-link-de\" title=\"Deutsch\">Deutsch<\/a>.<\/p><p>Seite a<br \/>\ngute vibration<br \/>\nfuck<br \/>\nalles dreht sich<br \/>\nes gibt kein zur\u00fcck<br \/>\n(you make me) sick<br \/>\neinsam<\/p>\n<p>Seite b<br \/>\nich will einfach nur liegenbleiben<br \/>\nsensibel<br \/>\npunks<br \/>\ndie moderne welt<br \/>\nh\u00e4?<br \/>\nkrank<\/p>\n<p>alle songs: morsch<\/p>\n<p>gabi gm\u00fcr: gesang, roland cr8000, perkussion<br \/>\nfrank will: synth, chor<br \/>\nandi penkov: bass, chor<\/p>\n<p>aufnahmen und produktion: samuel hartmann<br \/>\nmastering: markus heinzel, liquidstudio<br \/>\ngrafik + fotos: adrian elsener, eisb\u00fcro<\/p>","protected":false},"excerpt":{"rendered":"<p>Sorry, this entry is only available in Deutsch.Seite a gute vibration fuck alles dreht sich es gibt kein zur\u00fcck (you make me) sick einsam Seite b ich will einfach nur liegenbleiben sensibel punks die moderne welt h\u00e4? krank alle songs: morsch gabi gm\u00fcr: gesang, roland cr8000, perkussion frank will: synth, chor andi penkov: bass, chor<\/p>\n<p> <a class=\"continue-reading-link\" href=\"https:\/\/ikarusrecords.ch\/en\/produkt\/morsch-fuck\/\"><span>product details<\/span><i class=\"crycon-right-dir\"><\/i><\/a> <\/p>\n","protected":false},"featured_media":3395,"template":"","meta":{"inline_featured_image":false},"product_brand":[],"product_cat":[160],"product_tag":[],"class_list":{"0":"post-3394","1":"product","2":"type-product","3":"status-publish","4":"has-post-thumbnail","6":"product_cat-morsch","8":"first","9":"instock","10":"shipping-taxable","11":"product-type-simple"},"_links":{"self":[{"href":"https:\/\/ikarusrecords.ch\/en\/wp-json\/wp\/v2\/product\/3394","targetHints":{"allow":["GET"]}}],"collection":[{"href":"https:\/\/ikarusrecords.ch\/en\/wp-json\/wp\/v2\/product"}],"about":[{"href":"https:\/\/ikarusrecords.ch\/en\/wp-json\/wp\/v2\/types\/product"}],"wp:featuredmedia":[{"embeddable":true,"href":"https:\/\/ikarusrecords.ch\/en\/wp-json\/wp\/v2\/media\/3395"}],"wp:attachment":[{"href":"https:\/\/ikarusrecords.ch\/en\/wp-json\/wp\/v2\/media?parent=3394"}],"wp:term":[{"taxonomy":"product_brand","embeddable":true,"href":"https:\/\/ikarusrecords.ch\/en\/wp-json\/wp\/v2\/product_brand?post=3394"},{"taxonomy":"product_cat","embeddable":true,"href":"https:\/\/ikarusrecords.ch\/en\/wp-json\/wp\/v2\/product_cat?post=3394"},{"taxonomy":"product_tag","embeddable":true,"href":"https:\/\/ikarusrecords.ch\/en\/wp-json\/wp\/v2\/product_tag?post=3394"}],"curies":[{"name":"wp","href":"https:\/\/api.w.org\/{rel}","templated":true}]}}