{"id":3279,"date":"2024-11-22T11:31:43","date_gmt":"2024-11-22T09:31:43","guid":{"rendered":"https:\/\/ikarusrecords.ch\/?post_type=product&#038;p=3279"},"modified":"2024-11-22T11:31:44","modified_gmt":"2024-11-22T09:31:44","slug":"20-years-ikarus-records-compilation","status":"publish","type":"product","link":"https:\/\/ikarusrecords.ch\/en\/produkt\/20-years-ikarus-records-compilation\/","title":{"rendered":"(Deutsch) 20 Years Ikarus Records Compilation"},"content":{"rendered":"<p class=\"qtranxs-available-languages-message qtranxs-available-languages-message-en\">Sorry, this entry is only available in <a href=\"https:\/\/ikarusrecords.ch\/de\/wp-json\/wp\/v2\/product\/3279\" class=\"qtranxs-available-language-link qtranxs-available-language-link-de\" title=\"Deutsch\">Deutsch<\/a>.<\/p><p>1. Perfect Disaster Boy &#8211; The Devil takes the Hindmost 03:37<br \/>\n2. Yuri Member &#8211; Across the Field 03:28<br \/>\n3. Floor Brothers &#8211; Pocket Full of Sunshine 04:48<br \/>\n4. Bottervogel &#8211; Aus Versehen (Version Brainbeat) 02:35<br \/>\n5. Ludwig Dreistern &#8211; Intercit\u00e9 du nuit 03:45<br \/>\n6. Duara &#8211; Telephone Booth 03:14<br \/>\n7. Naked In English Class &#8211; Strange Effect 04:37<br \/>\n8. Morsch &#8211; Fuck 03:37<br \/>\n9. Blumentouch &#8211; Wir fahren wieder 01:55<br \/>\n10. eno &#8211; How Do You Say Good Morning 06:17<br \/>\n11. The Haddocks &#8211; Dispair and Hope 03:24<br \/>\n12. Disco Doom &#8211; Son of a Guitar 03:29<br \/>\n13. Tartaruga e il Ragazzo del Disastro Perfetto &#8211; Daytuna 03:45<br \/>\n14. Rocket Cycle &#8211; The Crucial Void 03:32<br \/>\n15. L-T-D &#8211; Second Leg 03:37<br \/>\n16. Helical &#8211; S\u00f6atenly 05:03<\/p>\n<p>Zwei Jahrzehnte Ikarus Records! P\u00fcnktlich zur Jahreszeit der dunklen Feierabende z\u00fcnden wir 20 Geburtstagskerzen an und schm\u00fccken das Jubil\u00e4um mit der Ver\u00f6ffentlichung einer Compilation. Vom unver\u00f6ffentlichten Song \u00fcber den Album-Outtake bis hin zum neuen St\u00fcck, das spezifisch f\u00fcr diese Sammlung komponiert wurde.<\/p>","protected":false},"excerpt":{"rendered":"<p>Sorry, this entry is only available in Deutsch.1. Perfect Disaster Boy &#8211; The Devil takes the Hindmost 03:37 2. Yuri Member &#8211; Across the Field 03:28 3. Floor Brothers &#8211; Pocket Full of Sunshine 04:48 4. Bottervogel &#8211; Aus Versehen (Version Brainbeat) 02:35 5. Ludwig Dreistern &#8211; Intercit\u00e9 du nuit 03:45 6. Duara &#8211; Telephone<\/p>\n<p> <a class=\"continue-reading-link\" href=\"https:\/\/ikarusrecords.ch\/en\/produkt\/20-years-ikarus-records-compilation\/\"><span>product details<\/span><i class=\"crycon-right-dir\"><\/i><\/a> <\/p>\n","protected":false},"featured_media":3183,"template":"","meta":{"inline_featured_image":false},"product_brand":[],"product_cat":[51,159,148,49,142,133,146,140,157,160,132,141,162,152,151,144],"product_tag":[],"class_list":{"0":"post-3279","1":"product","2":"type-product","3":"status-publish","4":"has-post-thumbnail","6":"product_cat-all-products","7":"product_cat-blumen-touch","8":"product_cat-disco-doom","9":"product_cat-duara-shop-3","10":"product_cat-eno","11":"product_cat-floorbrothers","12":"product_cat-helical","13":"product_cat-lord-kesseli","14":"product_cat-ludwig-dreistern","15":"product_cat-morsch","16":"product_cat-naked-in-english-class","17":"product_cat-perfect-disaster-boy","18":"product_cat-taranja-wu","19":"product_cat-tartaruga","20":"product_cat-the-haddocks","21":"product_cat-yuri-member","23":"first","24":"instock","25":"shipping-taxable","26":"product-type-external"},"_links":{"self":[{"href":"https:\/\/ikarusrecords.ch\/en\/wp-json\/wp\/v2\/product\/3279","targetHints":{"allow":["GET"]}}],"collection":[{"href":"https:\/\/ikarusrecords.ch\/en\/wp-json\/wp\/v2\/product"}],"about":[{"href":"https:\/\/ikarusrecords.ch\/en\/wp-json\/wp\/v2\/types\/product"}],"wp:featuredmedia":[{"embeddable":true,"href":"https:\/\/ikarusrecords.ch\/en\/wp-json\/wp\/v2\/media\/3183"}],"wp:attachment":[{"href":"https:\/\/ikarusrecords.ch\/en\/wp-json\/wp\/v2\/media?parent=3279"}],"wp:term":[{"taxonomy":"product_brand","embeddable":true,"href":"https:\/\/ikarusrecords.ch\/en\/wp-json\/wp\/v2\/product_brand?post=3279"},{"taxonomy":"product_cat","embeddable":true,"href":"https:\/\/ikarusrecords.ch\/en\/wp-json\/wp\/v2\/product_cat?post=3279"},{"taxonomy":"product_tag","embeddable":true,"href":"https:\/\/ikarusrecords.ch\/en\/wp-json\/wp\/v2\/product_tag?post=3279"}],"curies":[{"name":"wp","href":"https:\/\/api.w.org\/{rel}","templated":true}]}}