{"id":1714,"date":"2017-10-06T00:01:52","date_gmt":"2017-10-05T22:01:52","guid":{"rendered":"http:\/\/www.ikarusrecords.ch\/?post_type=product&#038;p=1714"},"modified":"2024-05-13T15:00:24","modified_gmt":"2024-05-13T13:00:24","slug":"ester-poly-pique-dame","status":"publish","type":"product","link":"https:\/\/ikarusrecords.ch\/en\/produkt\/ester-poly-pique-dame\/","title":{"rendered":"Ester Poly &#8211; Pique Dame"},"content":{"rendered":"<p>1. Slutwalk<br \/>\n2. Be Loud<br \/>\n3. 72 vierges<br \/>\n4. La vie en rose<br \/>\n5. Big Bang<br \/>\n6. Forgotten Responsibility<br \/>\n7. The Rise Of The Witches<br \/>\n8. Dienstag<br \/>\n9. Pique Dame<br \/>\n10. Slutwalk (BAK XIII Remix)<\/p>\n<p>All Compositions by Ester Poly. Recorded in Z\u00fcrich by Roland W\u00e4spe &amp; Mario H\u00e4nni. Mixed &amp; Mastered by Manuel Egger, SuburbanSound, Winterthur. Foto by Ralph Kuehne. Artwork by Luca Schenardi.<\/p>\n","protected":false},"excerpt":{"rendered":"<p>Ester Poly<br \/>\nIKREC4817<br \/>\nCD\/12&#8243;-Vinyl &#038; Download<\/p>\n<p> <a class=\"continue-reading-link\" href=\"https:\/\/ikarusrecords.ch\/en\/produkt\/ester-poly-pique-dame\/\"><span>product details<\/span><i class=\"crycon-right-dir\"><\/i><\/a> <\/p>\n","protected":false},"featured_media":1721,"template":"","meta":{"inline_featured_image":false},"product_brand":[],"product_cat":[51,154,135,50],"product_tag":[],"class_list":{"0":"post-1714","1":"product","2":"type-product","3":"status-publish","4":"has-post-thumbnail","6":"product_cat-all-products","7":"product_cat-cd","8":"product_cat-esther-poly","9":"product_cat-lp-shop","11":"first","12":"instock","13":"shipping-taxable","14":"product-type-variable"},"_links":{"self":[{"href":"https:\/\/ikarusrecords.ch\/en\/wp-json\/wp\/v2\/product\/1714","targetHints":{"allow":["GET"]}}],"collection":[{"href":"https:\/\/ikarusrecords.ch\/en\/wp-json\/wp\/v2\/product"}],"about":[{"href":"https:\/\/ikarusrecords.ch\/en\/wp-json\/wp\/v2\/types\/product"}],"wp:featuredmedia":[{"embeddable":true,"href":"https:\/\/ikarusrecords.ch\/en\/wp-json\/wp\/v2\/media\/1721"}],"wp:attachment":[{"href":"https:\/\/ikarusrecords.ch\/en\/wp-json\/wp\/v2\/media?parent=1714"}],"wp:term":[{"taxonomy":"product_brand","embeddable":true,"href":"https:\/\/ikarusrecords.ch\/en\/wp-json\/wp\/v2\/product_brand?post=1714"},{"taxonomy":"product_cat","embeddable":true,"href":"https:\/\/ikarusrecords.ch\/en\/wp-json\/wp\/v2\/product_cat?post=1714"},{"taxonomy":"product_tag","embeddable":true,"href":"https:\/\/ikarusrecords.ch\/en\/wp-json\/wp\/v2\/product_tag?post=1714"}],"curies":[{"name":"wp","href":"https:\/\/api.w.org\/{rel}","templated":true}]}}