{"id":3064,"date":"2024-09-28T11:03:10","date_gmt":"2024-09-28T09:03:10","guid":{"rendered":"https:\/\/ikarusrecords.ch\/?page_id=3064"},"modified":"2025-04-12T11:58:53","modified_gmt":"2025-04-12T09:58:53","slug":"bottervogel","status":"publish","type":"page","link":"https:\/\/ikarusrecords.ch\/en\/artists\/bottervogel\/","title":{"rendered":"(Deutsch) Bottervogel"},"content":{"rendered":"<p class=\"qtranxs-available-languages-message qtranxs-available-languages-message-en\">Sorry, this entry is only available in <a href=\"https:\/\/ikarusrecords.ch\/de\/wp-json\/wp\/v2\/pages\/3064\" class=\"qtranxs-available-language-link qtranxs-available-language-link-de\" title=\"Deutsch\">Deutsch<\/a>.<\/p><p><\/p>\n<h2><a href=\"https:\/\/ikarusrecords.ch\/wp-content\/uploads\/cBott1Q2.png\"><img loading=\"lazy\" decoding=\"async\" class=\"alignnone wp-image-3065\" src=\"https:\/\/ikarusrecords.ch\/wp-content\/uploads\/cBott1Q2-1024x1024.png\" alt=\"Foto Bottervogel\" width=\"500\" height=\"500\" srcset=\"https:\/\/ikarusrecords.ch\/wp-content\/uploads\/cBott1Q2-1024x1024.png 1024w, https:\/\/ikarusrecords.ch\/wp-content\/uploads\/cBott1Q2-350x350.png 350w, https:\/\/ikarusrecords.ch\/wp-content\/uploads\/cBott1Q2-200x200.png 200w, https:\/\/ikarusrecords.ch\/wp-content\/uploads\/cBott1Q2-768x768.png 768w, https:\/\/ikarusrecords.ch\/wp-content\/uploads\/cBott1Q2-150x150.png 150w, https:\/\/ikarusrecords.ch\/wp-content\/uploads\/cBott1Q2-300x300.png 300w, https:\/\/ikarusrecords.ch\/wp-content\/uploads\/cBott1Q2-100x100.png 100w, https:\/\/ikarusrecords.ch\/wp-content\/uploads\/cBott1Q2-64x64.png 64w, https:\/\/ikarusrecords.ch\/wp-content\/uploads\/cBott1Q2.png 1040w\" sizes=\"auto, (max-width: 500px) 100vw, 500px\" \/><\/a><\/h2>\n<p>Bottervogel aus Winterthur ist im Grunde ein Mensch mit Akustikgitarre (Nylonsaiten!). Er macht Lieder mit deutschen Texten. Oder auch Meta-Reinhau Anti-Anti-Folk.<\/p>\n<p>Der Vogel zupft nicht, weil er es nicht kann. Stattdessen spielt er Pop-Protestsongs mit Schmackes, mal melodischer, mal dynamischer. Sie handeln zB. von Notbremsungen, Handelscontainern, dem Herumirren in den Strassen oder der Herrschaft der Phrasen. Im Studio f\u00fcgt der Vogel den Liedern zahlreiche Orgelsounds hinzu. Ja, auch Bass und Snare Drum sind Orgelsounds. Die Songs weiten sich aus, rennen herum, verdr\u00fccken ein paar Tr\u00e4nen und kriechen in die Menschen hinein. T\u00f6ne machen aus allem mehr als es gibt, hofft Bottervogel.<\/p>\n<h2>Videos:<\/h2>\n<p><iframe loading=\"lazy\" title=\"YouTube video player\" src=\"https:\/\/www.youtube.com\/embed\/WbrF4jClqBg?si=8Udmio8heo3q29vV\" width=\"250\" height=\"150\" frameborder=\"0\" allowfullscreen=\"allowfullscreen\"><\/iframe><\/p>\n<hr \/>\n<h2>Links:<\/h2>\n<p><a href=\"https:\/\/bottervogel.bandcamp.com\/\" target=\"_blank\" rel=\"noopener noreferrer\"><img loading=\"lazy\" decoding=\"async\" class=\"alignnone wp-image-789 size-full\" src=\"https:\/\/ikarusrecords.ch\/wp-content\/uploads\/bandcamp-link.png\" alt=\"Bottervogel on Bandcamp\" width=\"32\" height=\"32\" \/><\/a> <a href=\"https:\/\/dusekgefaess.net\/\"><img loading=\"lazy\" decoding=\"async\" class=\"alignnone wp-image-790 size-full\" src=\"https:\/\/ikarusrecords.ch\/wp-content\/uploads\/website.png\" alt=\"Webseite DusekGef\u00e4ss\" width=\"32\" height=\"32\" \/><\/a><\/p>\n<hr \/>\n<h2>Downloads:<\/h2>\n<p><a href=\"https:\/\/ikarusrecords.ch\/wp-content\/uploads\/cBott3Q.png\">Hi-Res image 1<\/a><\/p>\n<p><a href=\"https:\/\/ikarusrecords.ch\/wp-content\/uploads\/cBott2Q.png\">Hi-Res image 2<\/a><\/p>\n<p><a href=\"https:\/\/ikarusrecords.ch\/wp-content\/uploads\/cBott1Q2.png\">Hi-Res image 3<\/a><\/p>\n<p><a href=\"https:\/\/ikarusrecords.ch\/wp-content\/uploads\/Stage-Rider_Bottervogel-1.pdf\" target=\"_blank\" rel=\"noopener\">Stage-Rider<\/a><\/p>\n<hr \/>\n<h2>Ver\u00f6ffentlichungen auf Ikarus Records:<\/h2>\n<div class=\"woocommerce columns-4 quick-sale\"><ul class=\"products columns-4\">\n<li class=\"product type-product post-3410 status-publish first instock product_cat-bottervogel has-post-thumbnail shipping-taxable product-type-external\">\n\t<div class=\"woo-height\"><a href=\"https:\/\/ikarusrecords.ch\/en\/produkt\/tout-abus-sera-puni-remix\/\" class=\"woocommerce-LoopProduct-link woocommerce-loop-product__link\"><img loading=\"lazy\" decoding=\"async\" width=\"150\" height=\"150\" src=\"https:\/\/ikarusrecords.ch\/wp-content\/uploads\/Toutgfkl-150x150.png\" class=\"attachment-woocommerce_thumbnail size-woocommerce_thumbnail\" alt=\"(Deutsch) Tout abus sera puni remix\" srcset=\"https:\/\/ikarusrecords.ch\/wp-content\/uploads\/Toutgfkl-150x150.png 150w, https:\/\/ikarusrecords.ch\/wp-content\/uploads\/Toutgfkl-350x350.png 350w, https:\/\/ikarusrecords.ch\/wp-content\/uploads\/Toutgfkl-1024x1024.png 1024w, https:\/\/ikarusrecords.ch\/wp-content\/uploads\/Toutgfkl-200x200.png 200w, https:\/\/ikarusrecords.ch\/wp-content\/uploads\/Toutgfkl-768x768.png 768w, https:\/\/ikarusrecords.ch\/wp-content\/uploads\/Toutgfkl-1536x1536.png 1536w, https:\/\/ikarusrecords.ch\/wp-content\/uploads\/Toutgfkl-300x300.png 300w, https:\/\/ikarusrecords.ch\/wp-content\/uploads\/Toutgfkl-100x100.png 100w, https:\/\/ikarusrecords.ch\/wp-content\/uploads\/Toutgfkl-64x64.png 64w, https:\/\/ikarusrecords.ch\/wp-content\/uploads\/Toutgfkl.png 1800w\" sizes=\"auto, (max-width: 150px) 100vw, 150px\" \/><h2 class=\"woocommerce-loop-product__title\">(Deutsch) Tout abus sera puni remix<\/h2>\n\t<span class=\"price\"><span class=\"woocommerce-Price-amount amount\"><bdi><span class=\"woocommerce-Price-currencySymbol\">&#67;&#72;&#70;<\/span>&nbsp;3.00<\/bdi><\/span><\/span>\n<\/a><\/div>\t<span id=\"woocommerce_loop_add_to_cart_link_describedby_3410\" class=\"screen-reader-text\">\n\t\t\t<\/span>\n<\/li>\n<li class=\"product type-product post-3280 status-publish instock product_cat-all-products product_cat-bottervogel product_cat-lp-shop has-post-thumbnail shipping-taxable product-type-simple\">\n\t<div class=\"woo-height\"><a href=\"https:\/\/ikarusrecords.ch\/en\/produkt\/bottervogel-in-die-wiese-legen-lp\/\" class=\"woocommerce-LoopProduct-link woocommerce-loop-product__link\"><img loading=\"lazy\" decoding=\"async\" width=\"150\" height=\"150\" src=\"https:\/\/ikarusrecords.ch\/wp-content\/uploads\/Cover_Front_klein-150x150.png\" class=\"attachment-woocommerce_thumbnail size-woocommerce_thumbnail\" alt=\"(Kopie)\" srcset=\"https:\/\/ikarusrecords.ch\/wp-content\/uploads\/Cover_Front_klein-150x150.png 150w, https:\/\/ikarusrecords.ch\/wp-content\/uploads\/Cover_Front_klein-350x350.png 350w, https:\/\/ikarusrecords.ch\/wp-content\/uploads\/Cover_Front_klein-1024x1024.png 1024w, https:\/\/ikarusrecords.ch\/wp-content\/uploads\/Cover_Front_klein-200x200.png 200w, https:\/\/ikarusrecords.ch\/wp-content\/uploads\/Cover_Front_klein-768x768.png 768w, https:\/\/ikarusrecords.ch\/wp-content\/uploads\/Cover_Front_klein-300x300.png 300w, https:\/\/ikarusrecords.ch\/wp-content\/uploads\/Cover_Front_klein-100x100.png 100w, https:\/\/ikarusrecords.ch\/wp-content\/uploads\/Cover_Front_klein-64x64.png 64w, https:\/\/ikarusrecords.ch\/wp-content\/uploads\/Cover_Front_klein.png 1400w\" sizes=\"auto, (max-width: 150px) 100vw, 150px\" \/><h2 class=\"woocommerce-loop-product__title\">(Kopie)<\/h2>\n\t<span class=\"price\"><span class=\"woocommerce-Price-amount amount\"><bdi><span class=\"woocommerce-Price-currencySymbol\">&#67;&#72;&#70;<\/span>&nbsp;25.00<\/bdi><\/span><\/span>\n<\/a><\/div>\t<span id=\"woocommerce_loop_add_to_cart_link_describedby_3280\" class=\"screen-reader-text\">\n\t\t\t<\/span>\n<\/li>\n<\/ul>\n<\/div>\n<hr \/>\n<h2>Vergangene und kommende Konzerte: (Aktuellste 10)<\/h2>\n<span class='events-no-events'>No events, book now! <a href=\"https:\/\/ikarusrecords.ch\/info\/kontakt\">booking\"at\"ikarusrecords.ch<\/a><\/span>\n<hr \/>\n<p><br><strong>3. November 2025 <\/strong> - Bottervogel (mit Mario Janser an den Orgeln)<br \/>Portier, 8400 Winterthur<br><br><strong>5. September 2025 <\/strong> - Bottervogel Waldschenke Sommerfest<br \/>Lokal, winterthur<br><br><strong>4. July 2025 <\/strong> - Bottervogel<br \/>Waldschenke, winterthur<br><br><strong>24. May 2025 <\/strong> - Bottervogel am Voixfest<br \/>Alter Schlachthof Wels, Wels<br><br><strong>23. May 2025 <\/strong> - Bottervogel<br \/>Venster 99, Wien<br><br><strong>17. April 2025 <\/strong> - Bottervogel<br \/>Kellertheater Winterthur, Winterthur<br><br><strong>29. March 2025 <\/strong> - Bottervogel @ RASA-ALIVE<br \/>RASA-ALIVE, Schaffhausen<br><br><strong>27. March 2025 <\/strong> - Bottervogel<br \/>Lukas Bar, St. Gallen<br><br><strong>19. March 2025 <\/strong> - Bottervogel<br \/>Sch\u00f6negg Variet\u00e9, Z\u00fcrich<br><br><strong>14. March 2025 <\/strong> - Bottervogel Guerillakonzert Winterthur (Augen offen halten)<br \/>, <br><br><\/ul><\/p>","protected":false},"excerpt":{"rendered":"<p>Sorry, this entry is only available in Deutsch. Bottervogel aus Winterthur ist im Grunde ein Mensch mit Akustikgitarre (Nylonsaiten!). Er macht Lieder mit deutschen Texten. Oder auch Meta-Reinhau Anti-Anti-Folk. Der Vogel zupft nicht, weil er es nicht kann. Stattdessen spielt er Pop-Protestsongs mit Schmackes, mal melodischer, mal dynamischer. Sie handeln zB. von Notbremsungen, Handelscontainern, dem<\/p>\n<p> <a class=\"continue-reading-link\" href=\"https:\/\/ikarusrecords.ch\/en\/artists\/bottervogel\/\"><span>product details<\/span><i class=\"crycon-right-dir\"><\/i><\/a> <\/p>\n","protected":false},"author":2,"featured_media":0,"parent":5,"menu_order":0,"comment_status":"closed","ping_status":"closed","template":"","meta":{"inline_featured_image":false,"footnotes":""},"class_list":["post-3064","page","type-page","status-publish","hentry"],"_links":{"self":[{"href":"https:\/\/ikarusrecords.ch\/en\/wp-json\/wp\/v2\/pages\/3064","targetHints":{"allow":["GET"]}}],"collection":[{"href":"https:\/\/ikarusrecords.ch\/en\/wp-json\/wp\/v2\/pages"}],"about":[{"href":"https:\/\/ikarusrecords.ch\/en\/wp-json\/wp\/v2\/types\/page"}],"author":[{"embeddable":true,"href":"https:\/\/ikarusrecords.ch\/en\/wp-json\/wp\/v2\/users\/2"}],"replies":[{"embeddable":true,"href":"https:\/\/ikarusrecords.ch\/en\/wp-json\/wp\/v2\/comments?post=3064"}],"version-history":[{"count":1,"href":"https:\/\/ikarusrecords.ch\/en\/wp-json\/wp\/v2\/pages\/3064\/revisions"}],"predecessor-version":[{"id":3403,"href":"https:\/\/ikarusrecords.ch\/en\/wp-json\/wp\/v2\/pages\/3064\/revisions\/3403"}],"up":[{"embeddable":true,"href":"https:\/\/ikarusrecords.ch\/en\/wp-json\/wp\/v2\/pages\/5"}],"wp:attachment":[{"href":"https:\/\/ikarusrecords.ch\/en\/wp-json\/wp\/v2\/media?parent=3064"}],"curies":[{"name":"wp","href":"https:\/\/api.w.org\/{rel}","templated":true}]}}