{"id":1688,"date":"2017-07-03T00:00:36","date_gmt":"2017-07-02T22:00:36","guid":{"rendered":"http:\/\/www.ikarusrecords.ch\/?page_id=1688"},"modified":"2024-06-23T12:41:40","modified_gmt":"2024-06-23T10:41:40","slug":"ester-poly","status":"publish","type":"page","link":"https:\/\/ikarusrecords.ch\/en\/artists\/ester-poly\/","title":{"rendered":"Ester Poly"},"content":{"rendered":"<p><img loading=\"lazy\" decoding=\"async\" class=\"alignnone wp-image-1689 size-full\" src=\"https:\/\/ikarusrecords.ch\/wp-content\/uploads\/ESTER_POLY_1_Artistseite.jpg\" alt=\"\" width=\"600\" height=\"623\" srcset=\"https:\/\/ikarusrecords.ch\/wp-content\/uploads\/ESTER_POLY_1_Artistseite.jpg 600w, https:\/\/ikarusrecords.ch\/wp-content\/uploads\/ESTER_POLY_1_Artistseite-300x312.jpg 300w, https:\/\/ikarusrecords.ch\/wp-content\/uploads\/ESTER_POLY_1_Artistseite-337x350.jpg 337w, https:\/\/ikarusrecords.ch\/wp-content\/uploads\/ESTER_POLY_1_Artistseite-144x150.jpg 144w\" sizes=\"auto, (max-width: 600px) 100vw, 600px\" \/><\/p>\n<p>Hinter \u00abEster Poly\u00bb stecken die Schweizer Musikerinnen B\u00e9atrice Graf und Martina Berther. Die Schlagzeugerin und die E-Bassistin wurden von unterschiedlichen Musikstilen gepr\u00e4gt \u2013 so prallen mit den beiden Musikerinnen Generationen und Genres aufeinander, um diese sogleich zu zerst\u00f6ren und sich neu zusammenzusetzen. Das Duo mischt Psychedelic Rock, Punk, New Wave und Free Jazz und schafft eine facettenreiche Sprengkraft aus Schlagzeug, Bass und Gesang. \u00abEster Poly\u00bb ist Musik mit sozialkritischem Inhalt, die kraftvoll und provokant wirkt.<\/p>\n<p>Martina Berther: e-bass\/efx\/voc<br \/>\nB\u00e9atrice Graf: drums\/keys\/voc<\/p>\n<hr \/>\n<h2>Videos<\/h2>\n<p><iframe loading=\"lazy\" src=\"https:\/\/www.youtube.com\/embed\/8RQTLuoCPb0\" width=\"250\" height=\"150\" frameborder=\"0\" allowfullscreen=\"allowfullscreen\"><\/iframe> <iframe loading=\"lazy\" src=\"https:\/\/www.youtube.com\/embed\/_30Sktii1D4?rel=0\" width=\"250\" height=\"150\" frameborder=\"0\" allowfullscreen=\"allowfullscreen\"><\/iframe> <iframe loading=\"lazy\" src=\"https:\/\/www.youtube.com\/embed\/M9GN9YBK_I8?rel=0\" width=\"250\" height=\"150\" frameborder=\"0\" allowfullscreen=\"allowfullscreen\"><\/iframe><\/p>\n<hr \/>\n<h2>Links<\/h2>\n<h2><a href=\"https:\/\/www.facebook.com\/esterpolymusic\/\" target=\"_blank\" rel=\"noopener noreferrer\"><img loading=\"lazy\" decoding=\"async\" class=\"alignnone wp-image-788 size-full\" src=\"https:\/\/ikarusrecords.ch\/wp-content\/uploads\/facebook-link.png\" alt=\"facebook-link\" width=\"32\" height=\"32\" \/><\/a> <a href=\"http:\/\/www.esterpoly.ch\/\" target=\"_blank\" rel=\"noopener noreferrer\"><img loading=\"lazy\" decoding=\"async\" class=\" wp-image-790 size-full alignnone\" src=\"https:\/\/ikarusrecords.ch\/wp-content\/uploads\/website.png\" alt=\"\" width=\"32\" height=\"32\" \/><\/a> <a href=\"http:\/\/esterpolymusic.tumblr.com\/\" target=\"_blank\" rel=\"noopener noreferrer\"><img loading=\"lazy\" decoding=\"async\" class=\" size-full wp-image-790 alignnone\" src=\"https:\/\/ikarusrecords.ch\/wp-content\/uploads\/website.png\" alt=\"website\" width=\"32\" height=\"32\" \/><\/a><\/h2>\n<hr \/>\n<h2>Downloads:<\/h2>\n<p>Pictures by Ralph Kuehne:<br \/>\n<a href=\"https:\/\/ikarusrecords.ch\/wp-content\/uploads\/ESTER_POLY_2_A3_Photo_Ralph_Kuehne.jpg\">Hi-Res image 1<br \/>\n<\/a> <a href=\"https:\/\/ikarusrecords.ch\/wp-content\/uploads\/ESTER_POLY_1_A3_Photo_Ralph_Kuehne.jpg\">Hi-Res image 2<\/a><a href=\"https:\/\/ikarusrecords.ch\/wp-content\/uploads\/ESTER_POLY_3_A3_Photo_Ralph_Kuehne.jpg\"><br \/>\nHi-Res image 3<\/a><br \/>\n<a href=\"https:\/\/ikarusrecords.ch\/wp-content\/uploads\/ESTER_POLY_3_A3_SW_Photo_Ralph_Kuehne.jpg\">Hi-Res image 4<\/a><\/p>\n<p><a href=\"https:\/\/ikarusrecords.ch\/wp-content\/uploads\/Techrider-Ester-Poly-2018.pdf\">Tech Rider<\/a><\/p>\n<hr \/>\n<p>&nbsp;<\/p>\n<hr \/>\n<h2>Releases on Ikarus Records<\/h2>\n<div class=\"woocommerce columns-4 quick-sale\"><ul class=\"products columns-4\">\n<li class=\"product type-product post-1714 status-publish first instock product_cat-all-products product_cat-cd product_cat-esther-poly product_cat-lp-shop has-post-thumbnail shipping-taxable product-type-variable\">\n\t<div class=\"woo-height\"><a href=\"https:\/\/ikarusrecords.ch\/en\/produkt\/ester-poly-pique-dame\/\" class=\"woocommerce-LoopProduct-link woocommerce-loop-product__link\"><img loading=\"lazy\" decoding=\"async\" width=\"150\" height=\"150\" src=\"https:\/\/ikarusrecords.ch\/wp-content\/uploads\/cover_ester_poly_pique_dame-scaled-150x150.jpg\" class=\"attachment-woocommerce_thumbnail size-woocommerce_thumbnail\" alt=\"Ester Poly - Pique Dame\" srcset=\"https:\/\/ikarusrecords.ch\/wp-content\/uploads\/cover_ester_poly_pique_dame-150x150.jpg 150w, https:\/\/ikarusrecords.ch\/wp-content\/uploads\/cover_ester_poly_pique_dame-scaled-100x100.jpg 100w, https:\/\/ikarusrecords.ch\/wp-content\/uploads\/cover_ester_poly_pique_dame-200x200.jpg 200w, https:\/\/ikarusrecords.ch\/wp-content\/uploads\/cover_ester_poly_pique_dame-347x350.jpg 347w, https:\/\/ikarusrecords.ch\/wp-content\/uploads\/cover_ester_poly_pique_dame-768x775.jpg 768w, https:\/\/ikarusrecords.ch\/wp-content\/uploads\/cover_ester_poly_pique_dame-1014x1024.jpg 1014w\" sizes=\"auto, (max-width: 150px) 100vw, 150px\" \/><h2 class=\"woocommerce-loop-product__title\">Ester Poly &#8211; Pique Dame<\/h2>\n\t<span class=\"price\"><span class=\"woocommerce-Price-amount amount\" aria-hidden=\"true\"><bdi><span class=\"woocommerce-Price-currencySymbol\">&#67;&#72;&#70;<\/span>&nbsp;15.00<\/bdi><\/span> <span aria-hidden=\"true\">&ndash;<\/span> <span class=\"woocommerce-Price-amount amount\" aria-hidden=\"true\"><bdi><span class=\"woocommerce-Price-currencySymbol\">&#67;&#72;&#70;<\/span>&nbsp;25.00<\/bdi><\/span><span class=\"screen-reader-text\">Price range: &#67;&#72;&#70;&nbsp;15.00 through &#67;&#72;&#70;&nbsp;25.00<\/span><\/span>\n<\/a><\/div>\t<span id=\"woocommerce_loop_add_to_cart_link_describedby_1714\" class=\"screen-reader-text\">\n\t\t\t<\/span>\n<\/li>\n<\/ul>\n<\/div>\n<hr \/>\n<h2>Upcoming and past shows (10 most recent):<\/h2>\n<span class='events-no-events'>No events, book now! <a href=\"https:\/\/ikarusrecords.ch\/info\/kontakt\">booking\"at\"ikarusrecords.ch<\/a><\/span>\n<p><br><strong>31. January 2020 <\/strong> - Phil Hayes &amp; The Trees \/ Ester Poly<br \/>Taptab, 8200 Schaffhausen<br><br><strong>16. January 2020 <\/strong> - Ester Poly<br \/>Aglophon, Regensdorf<br><br><strong>6. January 2020 <\/strong> - Ester Poly<br \/>Sch\u00f6negg Variet\u00e9, Z\u00fcrich<br><br><strong>29. November 2019 <\/strong> - Ester Poly<br \/>Eisenwerk, Frauenfeld<br><br><strong>28. November 2019 <\/strong> - Ester Poly<br \/>Moods, Z\u00fcrich<br><br><strong>17. November 2019 <\/strong> - Ester Poly<br \/>The B.East, Melbourne<br><br><strong>12. November 2019 <\/strong> - Ester Poly<br \/>Make it up, Melbourne<br><br><strong>11. November 2019 <\/strong> - Ester Poly<br \/>Globe Alley, Melbourne<br><br><strong>10. November 2019 <\/strong> - Ester Poly<br \/>Thirroul Music Festival, Wollongong<br><br><strong>8. November 2019 <\/strong> - Ester Poly<br \/>Bowls Club, Brisbane<br><br><\/ul><\/p>","protected":false},"excerpt":{"rendered":"<p>Hinter \u00abEster Poly\u00bb stecken die Schweizer Musikerinnen B\u00e9atrice Graf und Martina Berther. Die Schlagzeugerin und die E-Bassistin wurden von unterschiedlichen Musikstilen gepr\u00e4gt \u2013 so prallen mit den beiden Musikerinnen Generationen und Genres aufeinander, um diese sogleich zu zerst\u00f6ren und sich neu zusammenzusetzen. Das Duo mischt Psychedelic Rock, Punk, New Wave und Free Jazz und schafft<\/p>\n<p> <a class=\"continue-reading-link\" href=\"https:\/\/ikarusrecords.ch\/en\/artists\/ester-poly\/\"><span>product details<\/span><i class=\"crycon-right-dir\"><\/i><\/a> <\/p>\n","protected":false},"author":2,"featured_media":0,"parent":5,"menu_order":0,"comment_status":"closed","ping_status":"closed","template":"","meta":{"inline_featured_image":false,"footnotes":""},"class_list":["post-1688","page","type-page","status-publish","hentry"],"_links":{"self":[{"href":"https:\/\/ikarusrecords.ch\/en\/wp-json\/wp\/v2\/pages\/1688","targetHints":{"allow":["GET"]}}],"collection":[{"href":"https:\/\/ikarusrecords.ch\/en\/wp-json\/wp\/v2\/pages"}],"about":[{"href":"https:\/\/ikarusrecords.ch\/en\/wp-json\/wp\/v2\/types\/page"}],"author":[{"embeddable":true,"href":"https:\/\/ikarusrecords.ch\/en\/wp-json\/wp\/v2\/users\/2"}],"replies":[{"embeddable":true,"href":"https:\/\/ikarusrecords.ch\/en\/wp-json\/wp\/v2\/comments?post=1688"}],"version-history":[{"count":0,"href":"https:\/\/ikarusrecords.ch\/en\/wp-json\/wp\/v2\/pages\/1688\/revisions"}],"up":[{"embeddable":true,"href":"https:\/\/ikarusrecords.ch\/en\/wp-json\/wp\/v2\/pages\/5"}],"wp:attachment":[{"href":"https:\/\/ikarusrecords.ch\/en\/wp-json\/wp\/v2\/media?parent=1688"}],"curies":[{"name":"wp","href":"https:\/\/api.w.org\/{rel}","templated":true}]}}