{"id":1468,"date":"2016-10-24T12:00:21","date_gmt":"2016-10-24T10:00:21","guid":{"rendered":"http:\/\/www.ikarusrecords.ch\/?page_id=1468"},"modified":"2024-11-01T14:55:59","modified_gmt":"2024-11-01T12:55:59","slug":"taranja-wu","status":"publish","type":"page","link":"https:\/\/ikarusrecords.ch\/en\/artists\/taranja-wu\/","title":{"rendered":"Taranja Wu \/ Naked In English Class"},"content":{"rendered":"<p><\/p>\n<h1><strong>TARANJA WU<\/strong><\/h1>\n<p><a href=\"https:\/\/ikarusrecords.ch\/wp-content\/uploads\/Taranja_Wu_by-TW-scaled.jpg\"><img loading=\"lazy\" decoding=\"async\" class=\"alignnone wp-image-2772 size-medium\" src=\"https:\/\/ikarusrecords.ch\/wp-content\/uploads\/Taranja_Wu_by-TW-263x350.jpg\" alt=\"\" width=\"263\" height=\"350\" srcset=\"https:\/\/ikarusrecords.ch\/wp-content\/uploads\/Taranja_Wu_by-TW-263x350.jpg 263w, https:\/\/ikarusrecords.ch\/wp-content\/uploads\/Taranja_Wu_by-TW-768x1024.jpg 768w, https:\/\/ikarusrecords.ch\/wp-content\/uploads\/Taranja_Wu_by-TW-1152x1536.jpg 1152w, https:\/\/ikarusrecords.ch\/wp-content\/uploads\/Taranja_Wu_by-TW-1536x2048.jpg 1536w, https:\/\/ikarusrecords.ch\/wp-content\/uploads\/Taranja_Wu_by-TW-113x150.jpg 113w, https:\/\/ikarusrecords.ch\/wp-content\/uploads\/Taranja_Wu_by-TW-300x400.jpg 300w, https:\/\/ikarusrecords.ch\/wp-content\/uploads\/Taranja_Wu_by-TW-64x85.jpg 64w, https:\/\/ikarusrecords.ch\/wp-content\/uploads\/Taranja_Wu_by-TW-scaled.jpg 1920w\" sizes=\"auto, (max-width: 263px) 100vw, 263px\" \/><\/a><\/p>\n<p><strong>Taranja Wu<\/strong> ist auf einer Mission!<\/p>\n<p>In der einen Hand die Gitarre, in der anderen die Pistole, mit der sie ihren Tarif durch gibt. Ihre Abrechnung feiert sie mit punkig-scheppernden Gitarrensounds, s\u00e4genden Synthesizern, unerbittlichem Geh\u00e4mmer und zuf\u00e4llig erbeuteten Signalen von Ausserirdischen.<\/p>\n<p>Ein Sound voller r\u00e4udiger Eleganz und gassennahem Glamour, begleitet von Taranja Wus sloganartigem Gesang, mit dem sie <em>\u00ab\u2026 den Teufel selbst verf\u00fchren k\u00f6nnte\u2026\u00bb <\/em><em>(Chuck Palahniuk)<\/em>.<\/p>\n<p><em>\u2026 Get ready to embrace the darkness and let Taranja Wu\u2019s twisted universe consume your soul\u2026 <\/em><\/p>\n<p>&nbsp;<\/p>\n<p>Auf ihrem ersten Soloalbum <strong>DANCE WITH TARANJA WU<\/strong> klatscht uns Taranja Wu ihren wilden Ritt durch die Abgr\u00fcnde der menschlichen Existenz um die Ohren, der gleichzeitig zum Tanzen und zum Nachdenken einl\u00e4dt.<\/p>\n<p>Dieses Album ist nicht f\u00fcr diejenigen, die sich in der Komfortzone des Mainstreams verstecken. Taranja Wu ist hier, um eure musikalischen Erwartungen zu zerst\u00f6ren und euch in eine Welt voller frecher, witziger und verdrehter Geschichten zu entf\u00fchren.<\/p>\n<p><strong>DANCE WITH TARANJA WU<\/strong> ist ein Tanz in surrealen Bildern und ein Cocktail aus musikalischem Wahnsinn, der ebenso s\u00fcchtig macht wie beunruhigend ist. Klingt ungem\u00fctlich? Ist es auch, aber h\u00f6llisch tanzbar.<\/p>\n<p>&nbsp;<\/p>\n<hr \/>\n<h2>Videos:<\/h2>\n<p><iframe loading=\"lazy\" title=\"YouTube video player\" src=\"https:\/\/www.youtube.com\/embed\/-8pIVs3o9xg?si=sJVfci-PHwraSOB7\" width=\"250\" height=\"150\" frameborder=\"0\" allowfullscreen=\"allowfullscreen\"><span data-mce-type=\"bookmark\" class=\"mce_SELRES_start\">?<\/span><\/iframe><iframe loading=\"lazy\" title=\"YouTube video player\" src=\"https:\/\/www.youtube.com\/embed\/ZVceaRcjOtQ?si=zGxBX3wEmioI5b8T\" width=\"250\" height=\"150\" frameborder=\"0\" allowfullscreen=\"allowfullscreen\"><span data-mce-type=\"bookmark\" class=\"mce_SELRES_start\">?<\/span><\/iframe> <iframe loading=\"lazy\" title=\"YouTube video player\" src=\"https:\/\/www.youtube.com\/embed\/ls4idJgLbeo?si=K3pgxsfV5QoGGQJJ\" width=\"250\" height=\"150\" frameborder=\"0\" allowfullscreen=\"allowfullscreen\"><\/iframe> <iframe loading=\"lazy\" title=\"YouTube video player\" src=\"https:\/\/www.youtube.com\/embed\/skm8GBK4vPw?si=dDZnpBq-h7ixOOsA\" width=\"250\" height=\"150\" frameborder=\"0\" allowfullscreen=\"allowfullscreen\"><\/iframe> <iframe loading=\"lazy\" title=\"YouTube video player\" src=\"https:\/\/www.youtube.com\/embed\/8tvGd4z3cYI?si=a_NhjKRec3e1nx_p\" width=\"250\" height=\"150\" frameborder=\"0\" allowfullscreen=\"allowfullscreen\"><span data-mce-type=\"bookmark\" class=\"mce_SELRES_start\">?<\/span><\/iframe><\/p>\n<hr \/>\n<h2>Links:<\/h2>\n<p><a href=\"http:\/\/www.taranjawu.com\"><img loading=\"lazy\" decoding=\"async\" class=\"alignnone size-full wp-image-790\" src=\"https:\/\/ikarusrecords.ch\/wp-content\/uploads\/website.png\" alt=\"\" width=\"32\" height=\"32\" \/><\/a><\/p>\n<hr \/>\n<h2>Downloads:<\/h2>\n<p><a href=\"https:\/\/ikarusrecords.ch\/wp-content\/uploads\/Taranja_Wu_by-TW-scaled.jpg\">Hi-Res Image<\/a><\/p>\n<hr \/>\n<h2>Releases on Ikarus Records:<\/h2>\n<div class=\"woocommerce columns-4 quick-sale\"><ul class=\"products columns-4\">\n<li class=\"product type-product post-3279 status-publish first instock product_cat-all-products product_cat-blumen-touch product_cat-disco-doom product_cat-duara-shop-3 product_cat-eno product_cat-floorbrothers product_cat-helical product_cat-lord-kesseli product_cat-ludwig-dreistern product_cat-morsch product_cat-naked-in-english-class product_cat-perfect-disaster-boy product_cat-taranja-wu product_cat-tartaruga product_cat-the-haddocks product_cat-yuri-member has-post-thumbnail shipping-taxable product-type-external\">\n\t<div class=\"woo-height\"><a href=\"https:\/\/ikarusrecords.ch\/en\/produkt\/20-years-ikarus-records-compilation\/\" class=\"woocommerce-LoopProduct-link woocommerce-loop-product__link\"><img loading=\"lazy\" decoding=\"async\" width=\"150\" height=\"150\" src=\"https:\/\/ikarusrecords.ch\/wp-content\/uploads\/20yrikrec-150x150.png\" class=\"attachment-woocommerce_thumbnail size-woocommerce_thumbnail\" alt=\"(Deutsch) 20 Years Ikarus Records Compilation\" srcset=\"https:\/\/ikarusrecords.ch\/wp-content\/uploads\/20yrikrec-150x150.png 150w, https:\/\/ikarusrecords.ch\/wp-content\/uploads\/20yrikrec-350x350.png 350w, https:\/\/ikarusrecords.ch\/wp-content\/uploads\/20yrikrec-1024x1024.png 1024w, https:\/\/ikarusrecords.ch\/wp-content\/uploads\/20yrikrec-200x200.png 200w, https:\/\/ikarusrecords.ch\/wp-content\/uploads\/20yrikrec-768x768.png 768w, https:\/\/ikarusrecords.ch\/wp-content\/uploads\/20yrikrec-1536x1536.png 1536w, https:\/\/ikarusrecords.ch\/wp-content\/uploads\/20yrikrec-300x300.png 300w, https:\/\/ikarusrecords.ch\/wp-content\/uploads\/20yrikrec-100x100.png 100w, https:\/\/ikarusrecords.ch\/wp-content\/uploads\/20yrikrec-64x64.png 64w, https:\/\/ikarusrecords.ch\/wp-content\/uploads\/20yrikrec.png 2048w\" sizes=\"auto, (max-width: 150px) 100vw, 150px\" \/><h2 class=\"woocommerce-loop-product__title\">(Deutsch) 20 Years Ikarus Records Compilation<\/h2>\n<\/a><\/div>\t<span id=\"woocommerce_loop_add_to_cart_link_describedby_3279\" class=\"screen-reader-text\">\n\t\t\t<\/span>\n<\/li>\n<li class=\"product type-product post-2778 status-publish instock product_cat-all-products product_cat-cd product_cat-lp-shop product_cat-taranja-wu has-post-thumbnail shipping-taxable product-type-variable\">\n\t<div class=\"woo-height\"><a href=\"https:\/\/ikarusrecords.ch\/en\/produkt\/taranja-wu-dance-with-taranja-wu\/\" class=\"woocommerce-LoopProduct-link woocommerce-loop-product__link\"><img loading=\"lazy\" decoding=\"async\" width=\"150\" height=\"150\" src=\"https:\/\/ikarusrecords.ch\/wp-content\/uploads\/TARANJAWUFront-150x150.jpg\" class=\"attachment-woocommerce_thumbnail size-woocommerce_thumbnail\" alt=\"Taranja Wu - Dance With Taranja Wu\" srcset=\"https:\/\/ikarusrecords.ch\/wp-content\/uploads\/TARANJAWUFront-150x150.jpg 150w, https:\/\/ikarusrecords.ch\/wp-content\/uploads\/TARANJAWUFront-350x350.jpg 350w, https:\/\/ikarusrecords.ch\/wp-content\/uploads\/TARANJAWUFront-1024x1024.jpg 1024w, https:\/\/ikarusrecords.ch\/wp-content\/uploads\/TARANJAWUFront-200x200.jpg 200w, https:\/\/ikarusrecords.ch\/wp-content\/uploads\/TARANJAWUFront-768x768.jpg 768w, https:\/\/ikarusrecords.ch\/wp-content\/uploads\/TARANJAWUFront-1536x1536.jpg 1536w, https:\/\/ikarusrecords.ch\/wp-content\/uploads\/TARANJAWUFront-2048x2048.jpg 2048w, https:\/\/ikarusrecords.ch\/wp-content\/uploads\/TARANJAWUFront-300x300.jpg 300w, https:\/\/ikarusrecords.ch\/wp-content\/uploads\/TARANJAWUFront-100x100.jpg 100w, https:\/\/ikarusrecords.ch\/wp-content\/uploads\/TARANJAWUFront-64x64.jpg 64w\" sizes=\"auto, (max-width: 150px) 100vw, 150px\" \/><h2 class=\"woocommerce-loop-product__title\">Taranja Wu &#8211; Dance With Taranja Wu<\/h2>\n\t<span class=\"price\"><span class=\"woocommerce-Price-amount amount\" aria-hidden=\"true\"><bdi><span class=\"woocommerce-Price-currencySymbol\">&#67;&#72;&#70;<\/span>&nbsp;20.00<\/bdi><\/span> <span aria-hidden=\"true\">&ndash;<\/span> <span class=\"woocommerce-Price-amount amount\" aria-hidden=\"true\"><bdi><span class=\"woocommerce-Price-currencySymbol\">&#67;&#72;&#70;<\/span>&nbsp;28.00<\/bdi><\/span><span class=\"screen-reader-text\">Price range: &#67;&#72;&#70;&nbsp;20.00 through &#67;&#72;&#70;&nbsp;28.00<\/span><\/span>\n<\/a><\/div>\t<span id=\"woocommerce_loop_add_to_cart_link_describedby_2778\" class=\"screen-reader-text\">\n\t\t\t<\/span>\n<\/li>\n<\/ul>\n<\/div>\n<h2>Vergangene und kommende Konzerte: (Aktuellste 10)<\/h2>\n<p><a href=\"https:\/\/www.taranjawu.com\/shows\">www.taranjawu.com\/shows<\/a><\/p>\n<span class='events-no-events'>No events, book now! <a href=\"https:\/\/ikarusrecords.ch\/info\/kontakt\">booking\"at\"ikarusrecords.ch<\/a><\/span>\n<hr \/>\n<br><strong>28. June 2025 <\/strong> - Taranja Wu<br \/>Bertha Festival, 4410 Liestal<br><br><strong>24. May 2025 <\/strong> - Taranja Wu mit Landi Bandi &amp; Hungry Whores<br \/>Kulturbeiz 113, 4058 Basel<br><br><strong>2. May 2025 <\/strong> - Taranja Wu<br \/>Bruder Bar, Frauenfeld<br><br><strong>24. April 2025 <\/strong> - Taranja Wu<br \/>Planet Olten, OLTEN<br><br><strong>4. April 2025 <\/strong> - Taranja Wu<br \/>Goldgrube, Kassel<br><br><strong>22. February 2025 <\/strong> - Taranja Wu<br \/>, <br><br><strong>22. February 2025 <\/strong> - Taranja Wu<br \/>Bogen F, 8005 Z\u00fcrich<br><br><strong>4. February 2025 <\/strong> - Taranja Wu supporting Powersolo<br \/>Hirscheneck, 4058 Basel<br><br><strong>24. January 2025 <\/strong> - Taranja Wu<br \/>Point 11, Sion<br><br><strong>6. December 2024 <\/strong> - Taranja Wu mit Frauenstrasse<br \/>B\u00fcrgerhaus Glockenbachwerkstatt, M\u00fcnchen<br><br><\/ul>\n<p>&nbsp;<\/p>\n<p>&nbsp;<\/p>\n<h1><strong>NAKED IN ENGLISH CLASS<\/strong><\/h1>\n<p><a href=\"https:\/\/ikarusrecords.ch\/wp-content\/uploads\/Olifr-M.-Guz-und-Taranja-Wu-NiEC-scaled.jpg\"><img loading=\"lazy\" decoding=\"async\" class=\"alignnone wp-image-2377 size-large\" src=\"https:\/\/ikarusrecords.ch\/wp-content\/uploads\/Olifr-M.-Guz-und-Taranja-Wu-NiEC-1024x768.jpg\" alt=\"\" width=\"900\" height=\"675\" \/><\/a><\/p>\n<p>NAKED in ENGLISH CLASS sind Olifr M. Guz und Taranja Wu.<\/p>\n<p>Von 2015 bis 2020 produzierten und spielten sie ihre Musik zusammen. Da die Musik, die sie h\u00f6ren wollten, nicht existiert, sahen sie sich gezwungen, sie selbst zu machen.<\/p>\n<p>In der Zeit ver\u00f6ffentlichten sie 5 Alben. Ihre Musik ist treibender Elektro-Blues mit kreischenden Strobo-Punk-Elementen. Sie handelt von Wahnsinn, Bienen, Raketen, Autos und den allt\u00e4glichen Irrt\u00fcmern. Dar\u00fcber zwei Stimmen, klingend wie ABBA in der H\u00f6lle, begleitet von Bo Diddley am verrosteten Synthesizer.<\/p>\n<p>Seit 2020 ist Taranja Wu solo unterwegs\u2026 und GUZ??? Seit Kurzem verfolgt GUZ auf der Jagd nach Weltraumm\u00fcll das Treiben von Taranja Wu aus der Ferne. An klaren Abenden sieht man seinen Stern besonders wild blinken und hell funkeln. Du fehlst, Olifr?forever<\/p>\n<h2>All releases on Ikarus Records:<\/h2>\n<div class=\"woocommerce columns-4 quick-sale\"><ul class=\"products columns-4\">\n<li class=\"product type-product post-3279 status-publish first instock product_cat-all-products product_cat-blumen-touch product_cat-disco-doom product_cat-duara-shop-3 product_cat-eno product_cat-floorbrothers product_cat-helical product_cat-lord-kesseli product_cat-ludwig-dreistern product_cat-morsch product_cat-naked-in-english-class product_cat-perfect-disaster-boy product_cat-taranja-wu product_cat-tartaruga product_cat-the-haddocks product_cat-yuri-member has-post-thumbnail shipping-taxable product-type-external\">\n\t<div class=\"woo-height\"><a href=\"https:\/\/ikarusrecords.ch\/en\/produkt\/20-years-ikarus-records-compilation\/\" class=\"woocommerce-LoopProduct-link woocommerce-loop-product__link\"><img loading=\"lazy\" decoding=\"async\" width=\"150\" height=\"150\" src=\"https:\/\/ikarusrecords.ch\/wp-content\/uploads\/20yrikrec-150x150.png\" class=\"attachment-woocommerce_thumbnail size-woocommerce_thumbnail\" alt=\"(Deutsch) 20 Years Ikarus Records Compilation\" srcset=\"https:\/\/ikarusrecords.ch\/wp-content\/uploads\/20yrikrec-150x150.png 150w, https:\/\/ikarusrecords.ch\/wp-content\/uploads\/20yrikrec-350x350.png 350w, https:\/\/ikarusrecords.ch\/wp-content\/uploads\/20yrikrec-1024x1024.png 1024w, https:\/\/ikarusrecords.ch\/wp-content\/uploads\/20yrikrec-200x200.png 200w, https:\/\/ikarusrecords.ch\/wp-content\/uploads\/20yrikrec-768x768.png 768w, https:\/\/ikarusrecords.ch\/wp-content\/uploads\/20yrikrec-1536x1536.png 1536w, https:\/\/ikarusrecords.ch\/wp-content\/uploads\/20yrikrec-300x300.png 300w, https:\/\/ikarusrecords.ch\/wp-content\/uploads\/20yrikrec-100x100.png 100w, https:\/\/ikarusrecords.ch\/wp-content\/uploads\/20yrikrec-64x64.png 64w, https:\/\/ikarusrecords.ch\/wp-content\/uploads\/20yrikrec.png 2048w\" sizes=\"auto, (max-width: 150px) 100vw, 150px\" \/><h2 class=\"woocommerce-loop-product__title\">(Deutsch) 20 Years Ikarus Records Compilation<\/h2>\n<\/a><\/div>\t<span id=\"woocommerce_loop_add_to_cart_link_describedby_3279\" class=\"screen-reader-text\">\n\t\t\t<\/span>\n<\/li>\n<li class=\"product type-product post-2796 status-publish instock product_cat-all-products product_cat-cd product_cat-lp-shop product_cat-naked-in-english-class has-post-thumbnail shipping-taxable product-type-variable\">\n\t<div class=\"woo-height\"><a href=\"https:\/\/ikarusrecords.ch\/en\/produkt\/history-of-naked-in-english-class\/\" class=\"woocommerce-LoopProduct-link woocommerce-loop-product__link\"><img loading=\"lazy\" decoding=\"async\" width=\"150\" height=\"150\" src=\"https:\/\/ikarusrecords.ch\/wp-content\/uploads\/Bildschirmfoto-2023-11-15-um-21.20.43-150x150.png\" class=\"attachment-woocommerce_thumbnail size-woocommerce_thumbnail\" alt=\"HISTORY OF NAKED in ENGLISH CLASS\" srcset=\"https:\/\/ikarusrecords.ch\/wp-content\/uploads\/Bildschirmfoto-2023-11-15-um-21.20.43-150x150.png 150w, https:\/\/ikarusrecords.ch\/wp-content\/uploads\/Bildschirmfoto-2023-11-15-um-21.20.43-200x200.png 200w, https:\/\/ikarusrecords.ch\/wp-content\/uploads\/Bildschirmfoto-2023-11-15-um-21.20.43-300x300.png 300w, https:\/\/ikarusrecords.ch\/wp-content\/uploads\/Bildschirmfoto-2023-11-15-um-21.20.43-100x100.png 100w, https:\/\/ikarusrecords.ch\/wp-content\/uploads\/Bildschirmfoto-2023-11-15-um-21.20.43-64x64.png 64w, https:\/\/ikarusrecords.ch\/wp-content\/uploads\/Bildschirmfoto-2023-11-15-um-21.20.43.png 321w\" sizes=\"auto, (max-width: 150px) 100vw, 150px\" \/><h2 class=\"woocommerce-loop-product__title\">HISTORY OF NAKED in ENGLISH CLASS<\/h2>\n\t<span class=\"price\"><span class=\"woocommerce-Price-amount amount\" aria-hidden=\"true\"><bdi><span class=\"woocommerce-Price-currencySymbol\">&#67;&#72;&#70;<\/span>&nbsp;60.00<\/bdi><\/span> <span aria-hidden=\"true\">&ndash;<\/span> <span class=\"woocommerce-Price-amount amount\" aria-hidden=\"true\"><bdi><span class=\"woocommerce-Price-currencySymbol\">&#67;&#72;&#70;<\/span>&nbsp;90.00<\/bdi><\/span><span class=\"screen-reader-text\">Price range: &#67;&#72;&#70;&nbsp;60.00 through &#67;&#72;&#70;&nbsp;90.00<\/span><\/span>\n<\/a><\/div>\t<span id=\"woocommerce_loop_add_to_cart_link_describedby_2796\" class=\"screen-reader-text\">\n\t\t\t<\/span>\n<\/li>\n<li class=\"product type-product post-2391 status-publish instock product_cat-all-products product_cat-cd product_cat-lp-shop product_cat-naked-in-english-class has-post-thumbnail shipping-taxable product-type-variable\">\n\t<div class=\"woo-height\"><a href=\"https:\/\/ikarusrecords.ch\/en\/produkt\/naked-in-english-class\/\" class=\"woocommerce-LoopProduct-link woocommerce-loop-product__link\"><img loading=\"lazy\" decoding=\"async\" width=\"150\" height=\"150\" src=\"https:\/\/ikarusrecords.ch\/wp-content\/uploads\/NiEC2021Front-miKleber-150x150.jpg\" class=\"attachment-woocommerce_thumbnail size-woocommerce_thumbnail\" alt=\"Naked in English Class - s\/t\" srcset=\"https:\/\/ikarusrecords.ch\/wp-content\/uploads\/NiEC2021Front-miKleber-150x150.jpg 150w, https:\/\/ikarusrecords.ch\/wp-content\/uploads\/NiEC2021Front-miKleber-350x350.jpg 350w, https:\/\/ikarusrecords.ch\/wp-content\/uploads\/NiEC2021Front-miKleber-1024x1024.jpg 1024w, https:\/\/ikarusrecords.ch\/wp-content\/uploads\/NiEC2021Front-miKleber-200x200.jpg 200w, https:\/\/ikarusrecords.ch\/wp-content\/uploads\/NiEC2021Front-miKleber-768x768.jpg 768w, https:\/\/ikarusrecords.ch\/wp-content\/uploads\/NiEC2021Front-miKleber-1536x1536.jpg 1536w, https:\/\/ikarusrecords.ch\/wp-content\/uploads\/NiEC2021Front-miKleber-2048x2048.jpg 2048w, https:\/\/ikarusrecords.ch\/wp-content\/uploads\/NiEC2021Front-miKleber-300x300.jpg 300w, https:\/\/ikarusrecords.ch\/wp-content\/uploads\/NiEC2021Front-miKleber-100x100.jpg 100w, https:\/\/ikarusrecords.ch\/wp-content\/uploads\/NiEC2021Front-miKleber-64x64.jpg 64w\" sizes=\"auto, (max-width: 150px) 100vw, 150px\" \/><h2 class=\"woocommerce-loop-product__title\">Naked in English Class &#8211; s\/t<\/h2>\n\t<span class=\"price\"><span class=\"woocommerce-Price-amount amount\" aria-hidden=\"true\"><bdi><span class=\"woocommerce-Price-currencySymbol\">&#67;&#72;&#70;<\/span>&nbsp;18.00<\/bdi><\/span> <span aria-hidden=\"true\">&ndash;<\/span> <span class=\"woocommerce-Price-amount amount\" aria-hidden=\"true\"><bdi><span class=\"woocommerce-Price-currencySymbol\">&#67;&#72;&#70;<\/span>&nbsp;25.00<\/bdi><\/span><span class=\"screen-reader-text\">Price range: &#67;&#72;&#70;&nbsp;18.00 through &#67;&#72;&#70;&nbsp;25.00<\/span><\/span>\n<\/a><\/div>\t<span id=\"woocommerce_loop_add_to_cart_link_describedby_2391\" class=\"screen-reader-text\">\n\t\t\t<\/span>\n<\/li>\n<li class=\"product type-product post-2033 status-publish last instock product_cat-all-products product_cat-lp-shop product_cat-naked-in-english-class has-post-thumbnail shipping-taxable product-type-simple\">\n\t<div class=\"woo-height\"><a href=\"https:\/\/ikarusrecords.ch\/en\/produkt\/naked-in-english-class-live-in-weirdsville\/\" class=\"woocommerce-LoopProduct-link woocommerce-loop-product__link\"><img loading=\"lazy\" decoding=\"async\" width=\"150\" height=\"150\" src=\"https:\/\/ikarusrecords.ch\/wp-content\/uploads\/cover-weirdsville-scaled-150x150.jpg\" class=\"attachment-woocommerce_thumbnail size-woocommerce_thumbnail\" alt=\"Naked In English Class - Live In Weirdsville\" srcset=\"https:\/\/ikarusrecords.ch\/wp-content\/uploads\/cover-weirdsville-150x150.jpg 150w, https:\/\/ikarusrecords.ch\/wp-content\/uploads\/cover-weirdsville-scaled-100x100.jpg 100w, https:\/\/ikarusrecords.ch\/wp-content\/uploads\/cover-weirdsville-scaled-300x300.jpg 300w, https:\/\/ikarusrecords.ch\/wp-content\/uploads\/cover-weirdsville-200x200.jpg 200w, https:\/\/ikarusrecords.ch\/wp-content\/uploads\/cover-weirdsville-350x350.jpg 350w, https:\/\/ikarusrecords.ch\/wp-content\/uploads\/cover-weirdsville-768x768.jpg 768w, https:\/\/ikarusrecords.ch\/wp-content\/uploads\/cover-weirdsville-1024x1024.jpg 1024w\" sizes=\"auto, (max-width: 150px) 100vw, 150px\" \/><h2 class=\"woocommerce-loop-product__title\">Naked In English Class &#8211; Live In Weirdsville<\/h2>\n\t<span class=\"price\"><span class=\"woocommerce-Price-amount amount\"><bdi><span class=\"woocommerce-Price-currencySymbol\">&#67;&#72;&#70;<\/span>&nbsp;23.00<\/bdi><\/span><\/span>\n<\/a><\/div>\t<span id=\"woocommerce_loop_add_to_cart_link_describedby_2033\" class=\"screen-reader-text\">\n\t\t\t<\/span>\n<\/li>\n<li class=\"product type-product post-1829 status-publish first instock product_cat-all-products product_cat-cd product_cat-lp-shop product_cat-naked-in-english-class has-post-thumbnail shipping-taxable product-type-variable\">\n\t<div class=\"woo-height\"><a href=\"https:\/\/ikarusrecords.ch\/en\/produkt\/naked-in-english-class-selfing\/\" class=\"woocommerce-LoopProduct-link woocommerce-loop-product__link\"><img loading=\"lazy\" decoding=\"async\" width=\"150\" height=\"150\" src=\"https:\/\/ikarusrecords.ch\/wp-content\/uploads\/cover_NiEC_Selfing-scaled-150x150.jpg\" class=\"attachment-woocommerce_thumbnail size-woocommerce_thumbnail\" alt=\"Naked In English Class - selfing\" srcset=\"https:\/\/ikarusrecords.ch\/wp-content\/uploads\/cover_NiEC_Selfing-150x150.jpg 150w, https:\/\/ikarusrecords.ch\/wp-content\/uploads\/cover_NiEC_Selfing-scaled-100x100.jpg 100w, https:\/\/ikarusrecords.ch\/wp-content\/uploads\/cover_NiEC_Selfing-scaled-300x300.jpg 300w, https:\/\/ikarusrecords.ch\/wp-content\/uploads\/cover_NiEC_Selfing-200x200.jpg 200w, https:\/\/ikarusrecords.ch\/wp-content\/uploads\/cover_NiEC_Selfing-350x350.jpg 350w, https:\/\/ikarusrecords.ch\/wp-content\/uploads\/cover_NiEC_Selfing-768x768.jpg 768w, https:\/\/ikarusrecords.ch\/wp-content\/uploads\/cover_NiEC_Selfing-1024x1024.jpg 1024w\" sizes=\"auto, (max-width: 150px) 100vw, 150px\" \/><h2 class=\"woocommerce-loop-product__title\">Naked In English Class &#8211; selfing<\/h2>\n\t<span class=\"price\"><span class=\"woocommerce-Price-amount amount\" aria-hidden=\"true\"><bdi><span class=\"woocommerce-Price-currencySymbol\">&#67;&#72;&#70;<\/span>&nbsp;17.00<\/bdi><\/span> <span aria-hidden=\"true\">&ndash;<\/span> <span class=\"woocommerce-Price-amount amount\" aria-hidden=\"true\"><bdi><span class=\"woocommerce-Price-currencySymbol\">&#67;&#72;&#70;<\/span>&nbsp;25.00<\/bdi><\/span><span class=\"screen-reader-text\">Price range: &#67;&#72;&#70;&nbsp;17.00 through &#67;&#72;&#70;&nbsp;25.00<\/span><\/span>\n<\/a><\/div>\t<span id=\"woocommerce_loop_add_to_cart_link_describedby_1829\" class=\"screen-reader-text\">\n\t\t\t<\/span>\n<\/li>\n<\/ul>\n<\/div>\n<hr \/>\n<h2>Videos:<\/h2>\n<p><iframe loading=\"lazy\" title=\"YouTube video player\" src=\"https:\/\/www.youtube.com\/embed\/kYRVR96MH4I?si=CQR6uMTygqpKOLO0\" width=\"250\" height=\"150\" frameborder=\"0\" allowfullscreen=\"allowfullscreen\"><\/iframe> <iframe loading=\"lazy\" title=\"YouTube video player\" src=\"https:\/\/www.youtube.com\/embed\/2Ljg0S1Y0-w?si=CWDmUiNjn4F1H_Mf\" width=\"250\" height=\"150\" frameborder=\"0\" allowfullscreen=\"allowfullscreen\"><\/iframe> <iframe loading=\"lazy\" title=\"YouTube video player\" src=\"https:\/\/www.youtube.com\/embed\/eBVaYbcUwZ8?si=GX4li2hFI90CF0Fk\" width=\"250\" height=\"150\" frameborder=\"0\" allowfullscreen=\"allowfullscreen\"><\/iframe> <iframe loading=\"lazy\" title=\"YouTube video player\" src=\"https:\/\/www.youtube.com\/embed\/hW1IlKr3HV0?si=yMeHjcuaMQJfclcc\" width=\"250\" height=\"150\" frameborder=\"0\" allowfullscreen=\"allowfullscreen\"><span data-mce-type=\"bookmark\" class=\"mce_SELRES_start\">?<\/span><\/iframe><\/p>\n<hr \/>\n<h2>Past shows (10 most recent):<\/h2>\n<p><br><strong>17. December 2022 <\/strong> - Taranja Wu of NAKED in ENGLISH CLASS w\/Lord Kesseli &amp; the Drums<br \/>Sch\u00fc\u00fcr, 6005 Luzern<br><br><strong>15. December 2022 <\/strong> - Taranja Wu (of NAKED in ENGLISH CLASS)<br \/>Marsbar, Z\u00fcrich<br><br><strong>7. September 2019 <\/strong> - Naked in English Class w\/Jeffrey Lewis &amp; the Voltage (US)<br \/>Palace, 9000 St. Gallen<br><br><strong>15. June 2019 <\/strong> - NAKED in ENGLISH CLASS<br \/>(Deutsch) LandenBergFest, Z\u00fcrich<br><br><strong>29. May 2019 <\/strong> - Naked In English Class w\/ Caroline Rose<br \/>Taptab, 8200 Schaffhausen<br><br><strong>21. April 2019 <\/strong> - NAKED in ENGLISH CLASS<br \/>Marsbar, Z\u00fcrich<br><br><strong>22. February 2019 <\/strong> - NAKED in ENGLISH CLASS<br \/>Le Singe, Biel<br><br><strong>5. August 2017 <\/strong> - NAKED in ENGLISH CLASS<br \/>Bourg en Sc\u00e8ne, Fribourg<br><br><strong>8. April 2017 <\/strong> - NAKED in ENGLISH CLASS<br \/>Club Cardinal, 8200 Schaffhausen<br><br><strong>1. April 2017 <\/strong> - NAKED in ENGLISH CLASS<br \/>Monkey Bar, 4051 Basel<br><br><\/ul><\/p>\n<div style=\"height: 0px; width: 0px; overflow: hidden;\"><a href=\"https:\/\/antibiotika-de.com\/minomycin-rezeptfrei.html\">antibiotika holland ohne rezept<\/a><\/div>","protected":false},"excerpt":{"rendered":"<p>TARANJA WU Taranja Wu ist auf einer Mission! In der einen Hand die Gitarre, in der anderen die Pistole, mit der sie ihren Tarif durch gibt. Ihre Abrechnung feiert sie mit punkig-scheppernden Gitarrensounds, s\u00e4genden Synthesizern, unerbittlichem Geh\u00e4mmer und zuf\u00e4llig erbeuteten Signalen von Ausserirdischen. Ein Sound voller r\u00e4udiger Eleganz und gassennahem Glamour, begleitet von Taranja Wus<\/p>\n<p> <a class=\"continue-reading-link\" href=\"https:\/\/ikarusrecords.ch\/en\/artists\/taranja-wu\/\"><span>product details<\/span><i class=\"crycon-right-dir\"><\/i><\/a> <\/p>\n","protected":false},"author":2,"featured_media":0,"parent":5,"menu_order":0,"comment_status":"closed","ping_status":"closed","template":"","meta":{"inline_featured_image":false,"footnotes":""},"class_list":["post-1468","page","type-page","status-publish","hentry"],"_links":{"self":[{"href":"https:\/\/ikarusrecords.ch\/en\/wp-json\/wp\/v2\/pages\/1468","targetHints":{"allow":["GET"]}}],"collection":[{"href":"https:\/\/ikarusrecords.ch\/en\/wp-json\/wp\/v2\/pages"}],"about":[{"href":"https:\/\/ikarusrecords.ch\/en\/wp-json\/wp\/v2\/types\/page"}],"author":[{"embeddable":true,"href":"https:\/\/ikarusrecords.ch\/en\/wp-json\/wp\/v2\/users\/2"}],"replies":[{"embeddable":true,"href":"https:\/\/ikarusrecords.ch\/en\/wp-json\/wp\/v2\/comments?post=1468"}],"version-history":[{"count":0,"href":"https:\/\/ikarusrecords.ch\/en\/wp-json\/wp\/v2\/pages\/1468\/revisions"}],"up":[{"embeddable":true,"href":"https:\/\/ikarusrecords.ch\/en\/wp-json\/wp\/v2\/pages\/5"}],"wp:attachment":[{"href":"https:\/\/ikarusrecords.ch\/en\/wp-json\/wp\/v2\/media?parent=1468"}],"curies":[{"name":"wp","href":"https:\/\/api.w.org\/{rel}","templated":true}]}}